{"id":8,"date":"2014-08-29T15:03:07","date_gmt":"2014-08-29T13:03:07","guid":{"rendered":"http:\/\/mariecollet.com\/?page_id=8"},"modified":"2015-10-21T18:55:55","modified_gmt":"2015-10-21T16:55:55","slug":"coaching-nutritionnel","status":"publish","type":"page","link":"https:\/\/www.mariecollet.com\/?page_id=8","title":{"rendered":"Coaching nutritionnel"},"content":{"rendered":"<p><img loading=\"lazy\" decoding=\"async\" class=\"alignright wp-image-337 size-full\" src=\"http:\/\/mariecollet.com\/wp-content\/uploads\/2014\/08\/chrono-nutrition-2.jpg\" alt=\"\" width=\"219\" height=\"200\" \/>Dans ce domaine je vous aide \u00e0 renouer avec une alimentation saine et \u00e0 \u00e9quilibrer les grandes r\u00e8gles de la nutrition en tenant compte de vos param\u00e8tres personnels.<\/p>\n<p>Je vous accompagne principalement avec la chronobiologie alimentaire qui est l\u2019application pratique des connaissances scientifiques acquise sur les variations de fonctionnement de notre organisme dans la journ\u00e9e et leurs relations avec notre alimentation.<\/p>\n<p>En clair, je vous invite \u00e0 \u00eatre plus en accord avec vos rythmes physiologiques avec pour objectif la synchronisation de votre horloge biologique en :<\/p>\n<ul>\n<li>Mangeant sans vous priver tout en respectant la physiologie de votre organisme,<\/li>\n<li>Evitant les erreurs alimentaires qui mettent en danger votre sant\u00e9,<\/li>\n<li>En un mot, en \u00e9tant en phase avec les rythmes chrono biologiques qui vous gouvernent!<\/li>\n<\/ul>\n<p>&nbsp;<\/p>\n<p><strong><img loading=\"lazy\" decoding=\"async\" class=\"alignleft wp-image-279 size-full\" src=\"https:\/\/www.mariecollet.com\/wp-content\/uploads\/2014\/09\/Coach-en-nutrition.jpg\" alt=\"Coach-en-nutrition\" width=\"267\" height=\"189\" \/>Il est bien \u00e9vident que les conseils que je donne dans le domaine nutritionnel ne doivent pas suppl\u00e9er \u00e0 un quelconque traitement allopathique, ni en retarder sa mise en \u0153uvre, Ils sont donn\u00e9s en accompagnement dans le cadre d\u2019un suivi personnalis\u00e9 en coaching et en aucun cas, je ne remplace un m\u00e9decin tout autant que je ne peux me substituer \u00e0 aucune autorit\u00e9 m\u00e9dicale.<\/strong><\/p>\n","protected":false},"excerpt":{"rendered":"<p>Dans ce domaine je vous aide \u00e0 renouer avec une alimentation saine et \u00e0 \u00e9quilibrer les grandes r\u00e8gles de la nutrition en tenant compte de vos param\u00e8tres personnels. Je vous accompagne principalement avec la chronobiologie alimentaire qui est l\u2019application pratique des connaissances scientifiques acquise sur les variations de fonctionnement de notre organisme dans la journ\u00e9e&hellip;<\/p>\n","protected":false},"author":1,"featured_media":0,"parent":0,"menu_order":0,"comment_status":"open","ping_status":"closed","template":"","meta":{"footnotes":""},"class_list":["post-8","page","type-page","status-publish","hentry"],"_links":{"self":[{"href":"https:\/\/www.mariecollet.com\/index.php?rest_route=\/wp\/v2\/pages\/8","targetHints":{"allow":["GET"]}}],"collection":[{"href":"https:\/\/www.mariecollet.com\/index.php?rest_route=\/wp\/v2\/pages"}],"about":[{"href":"https:\/\/www.mariecollet.com\/index.php?rest_route=\/wp\/v2\/types\/page"}],"author":[{"embeddable":true,"href":"https:\/\/www.mariecollet.com\/index.php?rest_route=\/wp\/v2\/users\/1"}],"replies":[{"embeddable":true,"href":"https:\/\/www.mariecollet.com\/index.php?rest_route=%2Fwp%2Fv2%2Fcomments&post=8"}],"version-history":[{"count":20,"href":"https:\/\/www.mariecollet.com\/index.php?rest_route=\/wp\/v2\/pages\/8\/revisions"}],"predecessor-version":[{"id":367,"href":"https:\/\/www.mariecollet.com\/index.php?rest_route=\/wp\/v2\/pages\/8\/revisions\/367"}],"wp:attachment":[{"href":"https:\/\/www.mariecollet.com\/index.php?rest_route=%2Fwp%2Fv2%2Fmedia&parent=8"}],"curies":[{"name":"wp","href":"https:\/\/api.w.org\/{rel}","templated":true}]}}