{"id":6,"date":"2014-08-29T15:02:52","date_gmt":"2014-08-29T13:02:52","guid":{"rendered":"http:\/\/mariecollet.com\/?page_id=6"},"modified":"2014-10-05T09:54:23","modified_gmt":"2014-10-05T07:54:23","slug":"coaching-de-vie","status":"publish","type":"page","link":"https:\/\/www.mariecollet.com\/?page_id=6","title":{"rendered":"Coaching de vie"},"content":{"rendered":"<p><img loading=\"lazy\" decoding=\"async\" class=\"alignright wp-image-111 size-medium\" src=\"http:\/\/mariecollet.com\/wp-content\/uploads\/2014\/09\/Coach-MarieCollet-300x190.jpg\" alt=\"Coach-MarieCollet\" width=\"300\" height=\"190\" srcset=\"https:\/\/www.mariecollet.com\/wp-content\/uploads\/2014\/09\/Coach-MarieCollet-300x190.jpg 300w, https:\/\/www.mariecollet.com\/wp-content\/uploads\/2014\/09\/Coach-MarieCollet-767x487.jpg 767w, https:\/\/www.mariecollet.com\/wp-content\/uploads\/2014\/09\/Coach-MarieCollet.jpg 1003w\" sizes=\"auto, (max-width: 300px) 100vw, 300px\" \/>L\u2019origine du mot anglais coach est tir\u00e9e du mot fran\u00e7ais coche qui signifiait \u00abvoiture transportant des voyageurs\u00bb\u2026\u00a0Le cocher d\u2019alors conduisait d\u2019un point A \u00e0 un point B les voyageurs ayant choisi leur destination.<br \/>\nL\u2019origine du mot nous indique ainsi sa philosophie.<\/p>\n<p>Le coaching s&rsquo;adresse aux femmes et aux hommes qui souhaitent atteindre un objectif, vivre un changement, d\u00e9velopper leur potentiel, leur performance ou faire un choix. Il propose un accompagnement sur mesure dans le processus d\u2019\u00e9volution personnelle et\/ou professionnelle, \u00e0 un moment cl\u00e9 de leur vie, \u00e0 partir de besoins exprim\u00e9s et en vue de s\u2019adapter \u00e0 une nouvelle situation ou transition\u2026\u00a0<strong>Chacun portant en lui les r\u00e9ponses les plus pertinentes pour r\u00e9soudre sa ou ses probl\u00e9matiques et s\u2019adapter.<\/strong><\/p>\n<p>Le coaching, en accompagnant le changement, va permettre de faire \u00e9merger vos ressources et points forts et vous guider vers votre niveau optimal d\u2019\u00e9panouissement. En d\u00e9busquant les limites que vous vous fixez, il vous permet de voir et comprendre votre syst\u00e8me de croyances,\u00a0 constituant la plupart du temps un frein qui vous emp\u00eache d\u2019acc\u00e9der \u00e0 votre libert\u00e9 d\u2019\u00eatre\u2026.<\/p>\n<p><img loading=\"lazy\" decoding=\"async\" class=\"alignleft wp-image-35 size-medium\" src=\"http:\/\/mariecollet.com\/wp-content\/uploads\/2014\/08\/coherence-cardiaque-300x225.jpg\" alt=\"coherence-cardiaque\" width=\"300\" height=\"225\" srcset=\"https:\/\/www.mariecollet.com\/wp-content\/uploads\/2014\/08\/coherence-cardiaque-300x225.jpg 300w, https:\/\/www.mariecollet.com\/wp-content\/uploads\/2014\/08\/coherence-cardiaque.jpg 600w\" sizes=\"auto, (max-width: 300px) 100vw, 300px\" \/>Notre soci\u00e9t\u00e9 \u00e9volue sans cesse et notre vie n\u2019est plus lin\u00e9aire avec une seule famille, un seul travail et une retraite nous annon\u00e7ant que l\u2019heure de la vieillesse a sonn\u00e9.<br \/>\nLe coaching de vie s\u2019est sans doute d\u00e9velopp\u00e9 en r\u00e9action \u00e0 l\u2019\u00e9clatement des rep\u00e8res connus et reconnus des g\u00e9n\u00e9rations qui nous ont pr\u00e9c\u00e9d\u00e9es.<br \/>\nNous devons devenir de plus en plus Acteur de notre vie pour faire face aux changements, aux remaniements, aux transitions soudaines et impr\u00e9visibles, affectant nos habitudes de vie et perturbant notre \u00eatre profond.<\/p>\n<p>Le coach de vie intervient en accompagnant son client et en l&rsquo;aidant \u00e0 trouver en lui les ressources et les solutions pour apprendre \u00e0 surfer sur la vague et reconsid\u00e9rer sa vie.<\/p>\n<p>Les obstacles surmont\u00e9s lors de changements soudains nous rendent plus forts lorsque nous pouvons r\u00e9pondre \u00e0 des questions telles que :<\/p>\n<ul>\n<li>Comment je vais faire pour?<\/li>\n<li>Quels sont mes besoins de l\u2019instant?<\/li>\n<li>Quelles sont mes ressources cach\u00e9es?<\/li>\n<li>Comment je fonctionne, qui suis-je?<\/li>\n<li>Sur quelles valeurs je m\u2019appuie?<\/li>\n<li>Quelle relation ai-je envie de vivre avec moi-m\u00eame et les autres?<\/li>\n<li>Quel sens je veux donner \u00e0 ma vie?<\/li>\n<\/ul>\n<blockquote><p><em>\u00ab\u00a0Vous \u00eates la personne la plus importante de votre vie et celle avec qui vous passez le plus de temps!\u00a0\u00bb<\/em><\/p><\/blockquote>\n","protected":false},"excerpt":{"rendered":"<p>L\u2019origine du mot anglais coach est tir\u00e9e du mot fran\u00e7ais coche qui signifiait \u00abvoiture transportant des voyageurs\u00bb\u2026\u00a0Le cocher d\u2019alors conduisait d\u2019un point A \u00e0 un point B les voyageurs ayant choisi leur destination. L\u2019origine du mot nous indique ainsi sa philosophie. Le coaching s&rsquo;adresse aux femmes et aux hommes qui souhaitent atteindre un objectif, vivre&hellip;<\/p>\n","protected":false},"author":1,"featured_media":0,"parent":0,"menu_order":0,"comment_status":"open","ping_status":"closed","template":"","meta":{"footnotes":""},"class_list":["post-6","page","type-page","status-publish","hentry"],"_links":{"self":[{"href":"https:\/\/www.mariecollet.com\/index.php?rest_route=\/wp\/v2\/pages\/6","targetHints":{"allow":["GET"]}}],"collection":[{"href":"https:\/\/www.mariecollet.com\/index.php?rest_route=\/wp\/v2\/pages"}],"about":[{"href":"https:\/\/www.mariecollet.com\/index.php?rest_route=\/wp\/v2\/types\/page"}],"author":[{"embeddable":true,"href":"https:\/\/www.mariecollet.com\/index.php?rest_route=\/wp\/v2\/users\/1"}],"replies":[{"embeddable":true,"href":"https:\/\/www.mariecollet.com\/index.php?rest_route=%2Fwp%2Fv2%2Fcomments&post=6"}],"version-history":[{"count":25,"href":"https:\/\/www.mariecollet.com\/index.php?rest_route=\/wp\/v2\/pages\/6\/revisions"}],"predecessor-version":[{"id":321,"href":"https:\/\/www.mariecollet.com\/index.php?rest_route=\/wp\/v2\/pages\/6\/revisions\/321"}],"wp:attachment":[{"href":"https:\/\/www.mariecollet.com\/index.php?rest_route=%2Fwp%2Fv2%2Fmedia&parent=6"}],"curies":[{"name":"wp","href":"https:\/\/api.w.org\/{rel}","templated":true}]}}