{"id":445,"date":"2017-11-10T17:22:09","date_gmt":"2017-11-10T16:22:09","guid":{"rendered":"http:\/\/www.mariecollet.com\/?page_id=445"},"modified":"2017-11-10T17:42:44","modified_gmt":"2017-11-10T16:42:44","slug":"accompagnement-par-loracle-quantique","status":"publish","type":"page","link":"https:\/\/www.mariecollet.com\/?page_id=445","title":{"rendered":"Accompagnement par l&rsquo;oracle Quantique"},"content":{"rendered":"<p><img loading=\"lazy\" decoding=\"async\" class=\"alignright wp-image-448 size-medium\" src=\"https:\/\/www.mariecollet.com\/wp-content\/uploads\/2017\/11\/Oracle_quantique-246x300.jpg\" alt=\"Oracle quantique\" width=\"246\" height=\"300\" srcset=\"https:\/\/www.mariecollet.com\/wp-content\/uploads\/2017\/11\/Oracle_quantique-246x300.jpg 246w, https:\/\/www.mariecollet.com\/wp-content\/uploads\/2017\/11\/Oracle_quantique.jpg 500w\" sizes=\"auto, (max-width: 246px) 100vw, 246px\" \/><\/p>\n<p>Cet oracle quantique, \u00a0cr\u00e9ation de Richard Gandon par lequel j\u2019ai \u00e9t\u00e9 form\u00e9e, est un guide qui r\u00e9pond \u00e0 vos interrogations en vous donnant une ouverture sur la conscience multidimensionnelle.<\/p>\n<p>Il est bas\u00e9 sur l\u2019\u00e9tude symbolique des 9 \u00e9l\u00e9ments primaires de notre univers:\u00a0<strong>le m\u00e9tal, le feu, la terre, l\u2019eau, l\u2019air, la r\u00e9alit\u00e9, l\u2019esprit, la lune et le soleil <\/strong>et vous place au centre de vous-m\u00eame \u00e0 l\u2019instant \u00a0o\u00f9 vous lui posez votre question ou lui demandez d\u2019\u00e9claircir une situation ou encore lui demandez un conseil\u00a0?<\/p>\n<p>Cet oracle analyse vos sch\u00e9mas de fonctionnement et \u00e9claire l\u2019\u00e9tat int\u00e9rieur de votre \u00eatre afin de vous aider dans vos choix et vous resituer dans l\u2019ici et maintenant. Il vous apprend \u00e0 mieux vous conna\u00eetre en agissant comme un miroir et un r\u00e9v\u00e9lateur.<\/p>\n<p>Sa structure quantique d\u2019une grande puissance vous permet d\u2019entrer en contact d\u2019une fa\u00e7on diff\u00e9rente avec le monde qui vous entoure, de passer \u00e0 l\u2019action avec une nouvelle confiance en vous ce qui naturellement apportera \u00e0 votre quotidien davantage de joie et de sagesse.<\/p>\n","protected":false},"excerpt":{"rendered":"<p>Cet oracle quantique, \u00a0cr\u00e9ation de Richard Gandon par lequel j\u2019ai \u00e9t\u00e9 form\u00e9e, est un guide qui r\u00e9pond \u00e0 vos interrogations en vous donnant une ouverture sur la conscience multidimensionnelle. Il est bas\u00e9 sur l\u2019\u00e9tude symbolique des 9 \u00e9l\u00e9ments primaires de notre univers:\u00a0le m\u00e9tal, le feu, la terre, l\u2019eau, l\u2019air, la r\u00e9alit\u00e9, l\u2019esprit, la lune et&hellip;<\/p>\n","protected":false},"author":1,"featured_media":0,"parent":0,"menu_order":0,"comment_status":"closed","ping_status":"closed","template":"","meta":{"footnotes":""},"class_list":["post-445","page","type-page","status-publish","hentry"],"_links":{"self":[{"href":"https:\/\/www.mariecollet.com\/index.php?rest_route=\/wp\/v2\/pages\/445","targetHints":{"allow":["GET"]}}],"collection":[{"href":"https:\/\/www.mariecollet.com\/index.php?rest_route=\/wp\/v2\/pages"}],"about":[{"href":"https:\/\/www.mariecollet.com\/index.php?rest_route=\/wp\/v2\/types\/page"}],"author":[{"embeddable":true,"href":"https:\/\/www.mariecollet.com\/index.php?rest_route=\/wp\/v2\/users\/1"}],"replies":[{"embeddable":true,"href":"https:\/\/www.mariecollet.com\/index.php?rest_route=%2Fwp%2Fv2%2Fcomments&post=445"}],"version-history":[{"count":4,"href":"https:\/\/www.mariecollet.com\/index.php?rest_route=\/wp\/v2\/pages\/445\/revisions"}],"predecessor-version":[{"id":454,"href":"https:\/\/www.mariecollet.com\/index.php?rest_route=\/wp\/v2\/pages\/445\/revisions\/454"}],"wp:attachment":[{"href":"https:\/\/www.mariecollet.com\/index.php?rest_route=%2Fwp%2Fv2%2Fmedia&parent=445"}],"curies":[{"name":"wp","href":"https:\/\/api.w.org\/{rel}","templated":true}]}}