{"id":4,"date":"2014-08-29T15:02:21","date_gmt":"2014-08-29T13:02:21","guid":{"rendered":"http:\/\/mariecollet.com\/?page_id=4"},"modified":"2021-07-06T16:18:05","modified_gmt":"2021-07-06T14:18:05","slug":"qui-suis-je","status":"publish","type":"page","link":"https:\/\/www.mariecollet.com\/?page_id=4","title":{"rendered":"Qui est Marie Collet?"},"content":{"rendered":"<p><img loading=\"lazy\" decoding=\"async\" class=\"alignright wp-image-29 size-medium\" src=\"http:\/\/mariecollet.com\/wp-content\/uploads\/2014\/08\/bureau-coaching-welness-225x300.jpg\" alt=\"bureau-coaching-welness\" width=\"225\" height=\"300\" srcset=\"https:\/\/www.mariecollet.com\/wp-content\/uploads\/2014\/08\/bureau-coaching-welness-225x300.jpg 225w, https:\/\/www.mariecollet.com\/wp-content\/uploads\/2014\/08\/bureau-coaching-welness.jpg 600w\" sizes=\"auto, (max-width: 225px) 100vw, 225px\" \/>Autodidacte, c\u2019est en partie \u00e0 l\u2019\u00e9cole de la vie que je me suis form\u00e9e&#8230;<br \/>\n&#8230;Mon cheminement personnel depuis plus de 25 ans m\u2019a permis de me reconvertir apr\u00e8s avoir \u0153uvr\u00e9 pendant de longues ann\u00e9es dans l\u2019accompagnement \u00e0 but social o\u00f9 je n\u2019ai cess\u00e9 de me former, principalement dans le domaine de la communication.<\/p>\n<p><strong>Je suis certifi\u00e9e Coach professionnel, Master Coach et Technicienne PNL par ICI Coach Gen\u00e8ve.<\/strong><br \/>\n<strong>Egalement certifi\u00e9e en Coh\u00e9rence Cardiaque par PI Conseil &#8211; Coh\u00e9rence-C\u0153ur.<\/strong><\/p>\n<p>Dans le domaine du coaching nutritionnel, mes formations ont \u00e9t\u00e9 sanctionn\u00e9es par :<\/p>\n<ul>\n<li><strong>Un DFSNES Nutrition et environnement Sant\u00e9 par l\u2019Universit\u00e9 europ\u00e9enne des Sciences et Ressources Humaines en Suisse.<\/strong><\/li>\n<li><strong>Un Dipl\u00f4me Universitaire \u00ab Nutraceutiques, Alicaments, Aliments Sant\u00e9 \u00bb par l\u2019Universit\u00e9 de Dijon.<\/strong><\/li>\n<\/ul>\n<p>Par ailleurs, j\u2019ai des notions de psychologie et suis, en outre, <strong>certifi\u00e9e Psycho Tarologue par l\u2019Ecole Corinne Morel de Lyon.<\/strong><br \/>\nJ\u2019ai \u00e9galement suivi le programme Tolt\u00e8que sur \u00abla Ma\u00eetrise de l\u2019attention et de la Transformation\u00bb pour cheminer sur ma voie de libert\u00e9 personnelle (dispens\u00e9 par Le Cercle de Vie &#8211; Maud S\u00e9journant).<\/p>\n","protected":false},"excerpt":{"rendered":"<p>Autodidacte, c\u2019est en partie \u00e0 l\u2019\u00e9cole de la vie que je me suis form\u00e9e&#8230; &#8230;Mon cheminement personnel depuis plus de 25 ans m\u2019a permis de me reconvertir apr\u00e8s avoir \u0153uvr\u00e9 pendant de longues ann\u00e9es dans l\u2019accompagnement \u00e0 but social o\u00f9 je n\u2019ai cess\u00e9 de me former, principalement dans le domaine de la communication. Je suis&hellip;<\/p>\n","protected":false},"author":1,"featured_media":0,"parent":0,"menu_order":0,"comment_status":"closed","ping_status":"closed","template":"","meta":{"footnotes":""},"class_list":["post-4","page","type-page","status-publish","hentry"],"_links":{"self":[{"href":"https:\/\/www.mariecollet.com\/index.php?rest_route=\/wp\/v2\/pages\/4","targetHints":{"allow":["GET"]}}],"collection":[{"href":"https:\/\/www.mariecollet.com\/index.php?rest_route=\/wp\/v2\/pages"}],"about":[{"href":"https:\/\/www.mariecollet.com\/index.php?rest_route=\/wp\/v2\/types\/page"}],"author":[{"embeddable":true,"href":"https:\/\/www.mariecollet.com\/index.php?rest_route=\/wp\/v2\/users\/1"}],"replies":[{"embeddable":true,"href":"https:\/\/www.mariecollet.com\/index.php?rest_route=%2Fwp%2Fv2%2Fcomments&post=4"}],"version-history":[{"count":12,"href":"https:\/\/www.mariecollet.com\/index.php?rest_route=\/wp\/v2\/pages\/4\/revisions"}],"predecessor-version":[{"id":480,"href":"https:\/\/www.mariecollet.com\/index.php?rest_route=\/wp\/v2\/pages\/4\/revisions\/480"}],"wp:attachment":[{"href":"https:\/\/www.mariecollet.com\/index.php?rest_route=%2Fwp%2Fv2%2Fmedia&parent=4"}],"curies":[{"name":"wp","href":"https:\/\/api.w.org\/{rel}","templated":true}]}}