{"id":365,"date":"2016-09-27T16:26:53","date_gmt":"2016-09-27T14:26:53","guid":{"rendered":"http:\/\/www.mariecollet.com\/?page_id=365"},"modified":"2016-10-24T21:46:39","modified_gmt":"2016-10-24T19:46:39","slug":"tarot-de-marseille","status":"publish","type":"page","link":"https:\/\/www.mariecollet.com\/?page_id=365","title":{"rendered":"Tarot de Marseille"},"content":{"rendered":"<p><img loading=\"lazy\" decoding=\"async\" class=\"size-full wp-image-413 alignleft\" src=\"https:\/\/www.mariecollet.com\/wp-content\/uploads\/2016\/09\/Tarots-Marseille.jpg\" alt=\"Tarots-Marseille\" width=\"203\" height=\"188\" \/>Le Tarot de Marseille est d\u2019abord un outil d\u2019introspection, il va se lire aussi en symbolique et vous renvoyer probablement \u00e0 votre question d\u2019origine pour que vous puissiez, \u00e0 terme, trouver votre ou vos propres r\u00e9ponses et\/ou trouver votre chemin!<\/p>\n<p>Le fait m\u00eame de poser une question ou de venir le consulter pour un \u00ab\u00e9tat des lieux\u00bb, un th\u00e8me, un domaine\u2026 va modifier, en r\u00e9sonance, ce th\u00e8me, ce domaine etc. Le Tarot dit de vous ce que vous \u00eates au moment pr\u00e9sent dans vos d\u00e9sirs, vos attentes, vos peurs, vos acceptations ou d\u00e9nis\u2026et bien d\u2019autres choses encore!<\/p>\n<p><span style=\"color: #523f6d;\"><strong>Dans tous les cas il va vous conter une histoire, votre histoire\u00a0en vous invitant \u00e0 rester acteur de votre vie et non spectateur par l\u2019interm\u00e9diaire du tarologue.<\/strong><\/span><\/p>\n<p><span style=\"color: #523f6d;\"><strong>Tout un chacun conna\u00eet peu ou prou ses 22 arcanes majeures, les plus connues. Pour ma part, je travaille avec le jeu complet compos\u00e9 \u00e9galement de mineurs et d\u2019honneurs.<\/strong><\/span><\/p>\n<ul>\n<li><img loading=\"lazy\" decoding=\"async\" class=\"alignright size-full wp-image-409\" src=\"https:\/\/www.mariecollet.com\/wp-content\/uploads\/2016\/09\/Monde-Tarots-Marseille.jpg\" alt=\"Monde-Tarots-Marseille\" width=\"138\" height=\"268\" \/>Je vous propose de questionner le Tarot de Marseille sur une dur\u00e9e d&rsquo;\u00bd heure lors d\u2019une question \u00ab\u00a0\u00e0 chaud\u00a0\u00bb, c\u2019est-\u00e0-dire \u00e0 un moment \u00ab\u00a0T\u00a0\u00bb o\u00f9 vous \u00eates confront\u00e9 \u00e0 un choix ou une d\u00e9cision rapide \u00e0 prendre.<\/li>\n<li>Je vous accompagne aussi sur le tirage des 4 domaines (Mat\u00e9riel\/Financier, Professionnel, Affectif, Etat d\u2019Esprit) \u00e0 un moment de votre vie o\u00f9 vous abordez un changement ou encore o\u00f9 tout semble confus dans votre esprit.<\/li>\n<li><span style=\"color: #523f6d;\"><strong>Je propose \u00e9galement un tirage de fin d\u2019ann\u00e9e (entre novembre et janvier) en projectif, sur les pr\u00e9visions et l\u2019\u00e9v\u00e9nementiel de l\u2019ann\u00e9e \u00e0 venir, tout en ayant fait au pr\u00e9alable le point en 6 lames sur votre vie par rapport \u00e0 l\u2019ann\u00e9e qui vient de s\u2019\u00e9couler&#8230;<\/strong><\/span><\/li>\n<\/ul>\n","protected":false},"excerpt":{"rendered":"<p>Le Tarot de Marseille est d\u2019abord un outil d\u2019introspection, il va se lire aussi en symbolique et vous renvoyer probablement \u00e0 votre question d\u2019origine pour que vous puissiez, \u00e0 terme, trouver votre ou vos propres r\u00e9ponses et\/ou trouver votre chemin! Le fait m\u00eame de poser une question ou de venir le consulter pour un \u00ab\u00e9tat&hellip;<\/p>\n","protected":false},"author":1,"featured_media":0,"parent":0,"menu_order":0,"comment_status":"open","ping_status":"closed","template":"","meta":{"footnotes":""},"class_list":["post-365","page","type-page","status-publish","hentry"],"_links":{"self":[{"href":"https:\/\/www.mariecollet.com\/index.php?rest_route=\/wp\/v2\/pages\/365","targetHints":{"allow":["GET"]}}],"collection":[{"href":"https:\/\/www.mariecollet.com\/index.php?rest_route=\/wp\/v2\/pages"}],"about":[{"href":"https:\/\/www.mariecollet.com\/index.php?rest_route=\/wp\/v2\/types\/page"}],"author":[{"embeddable":true,"href":"https:\/\/www.mariecollet.com\/index.php?rest_route=\/wp\/v2\/users\/1"}],"replies":[{"embeddable":true,"href":"https:\/\/www.mariecollet.com\/index.php?rest_route=%2Fwp%2Fv2%2Fcomments&post=365"}],"version-history":[{"count":6,"href":"https:\/\/www.mariecollet.com\/index.php?rest_route=\/wp\/v2\/pages\/365\/revisions"}],"predecessor-version":[{"id":430,"href":"https:\/\/www.mariecollet.com\/index.php?rest_route=\/wp\/v2\/pages\/365\/revisions\/430"}],"wp:attachment":[{"href":"https:\/\/www.mariecollet.com\/index.php?rest_route=%2Fwp%2Fv2%2Fmedia&parent=365"}],"curies":[{"name":"wp","href":"https:\/\/api.w.org\/{rel}","templated":true}]}}